{"id":3389,"date":"2025-02-05T10:29:03","date_gmt":"2025-02-05T15:29:03","guid":{"rendered":"https:\/\/toituresecoquebec.ca\/promotions-new-products\/"},"modified":"2025-02-06T17:18:16","modified_gmt":"2025-02-06T22:18:16","slug":"promotions-new-products","status":"publish","type":"page","link":"https:\/\/toituresecoquebec.ca\/en\/promotions-new-products\/","title":{"rendered":"Promotions &amp; New Products"},"content":{"rendered":"\t\t<div data-elementor-type=\"wp-page\" data-elementor-id=\"3389\" class=\"elementor elementor-3389 elementor-3329\">\n\t\t\t\t<div class=\"elementor-element elementor-element-db4c78d e-flex e-con-boxed e-con e-parent\" data-id=\"db4c78d\" data-element_type=\"container\" data-e-type=\"container\" data-settings=\"{&quot;background_background&quot;:&quot;classic&quot;}\">\n\t\t\t\t\t<div class=\"e-con-inner\">\n\t\t<div class=\"elementor-element elementor-element-c0ec6f8 e-con-full e-flex e-con e-child\" data-id=\"c0ec6f8\" data-element_type=\"container\" data-e-type=\"container\">\n\t\t\t\t<div class=\"elementor-element elementor-element-c7dd19b elementor-widget elementor-widget-heading\" data-id=\"c7dd19b\" data-element_type=\"widget\" data-e-type=\"widget\" data-widget_type=\"heading.default\">\n\t\t\t\t<div class=\"elementor-widget-container\">\n\t\t\t\t\t<h1 class=\"elementor-heading-title elementor-size-default\">Offers &amp; News  <\/h1>\t\t\t\t<\/div>\n\t\t\t\t<\/div>\n\t\t\t\t<div class=\"elementor-element elementor-element-93493f2 elementor-widget-divider--view-line elementor-widget elementor-widget-divider\" data-id=\"93493f2\" data-element_type=\"widget\" data-e-type=\"widget\" data-widget_type=\"divider.default\">\n\t\t\t\t<div class=\"elementor-widget-container\">\n\t\t\t\t\t\t\t<div class=\"elementor-divider\">\n\t\t\t<span class=\"elementor-divider-separator\">\n\t\t\t\t\t\t<\/span>\n\t\t<\/div>\n\t\t\t\t\t\t<\/div>\n\t\t\t\t<\/div>\n\t\t\t\t<\/div>\n\t\t\t\t\t<\/div>\n\t\t\t\t<\/div>\n\t\t<div class=\"elementor-element elementor-element-7557927 e-flex e-con-boxed e-con e-parent\" data-id=\"7557927\" data-element_type=\"container\" data-e-type=\"container\" data-settings=\"{&quot;background_background&quot;:&quot;classic&quot;}\">\n\t\t\t\t\t<div class=\"e-con-inner\">\n\t\t<div class=\"elementor-element elementor-element-cab37ec e-con-full e-flex e-con e-child\" data-id=\"cab37ec\" data-element_type=\"container\" data-e-type=\"container\">\n\t\t\t\t<div class=\"elementor-element elementor-element-ec1572a elementor-widget elementor-widget-heading\" data-id=\"ec1572a\" data-element_type=\"widget\" data-e-type=\"widget\" data-widget_type=\"heading.default\">\n\t\t\t\t<div class=\"elementor-widget-container\">\n\t\t\t\t\t<h6 class=\"elementor-heading-title elementor-size-default\">Offers &amp; News  <\/h6>\t\t\t\t<\/div>\n\t\t\t\t<\/div>\n\t\t\t\t<div class=\"elementor-element elementor-element-ec89179 elementor-widget-divider--view-line elementor-widget elementor-widget-divider\" data-id=\"ec89179\" data-element_type=\"widget\" data-e-type=\"widget\" data-widget_type=\"divider.default\">\n\t\t\t\t<div class=\"elementor-widget-container\">\n\t\t\t\t\t\t\t<div class=\"elementor-divider\">\n\t\t\t<span class=\"elementor-divider-separator\">\n\t\t\t\t\t\t<\/span>\n\t\t<\/div>\n\t\t\t\t\t\t<\/div>\n\t\t\t\t<\/div>\n\t\t\t\t<div class=\"elementor-element elementor-element-a843df5 elementor-widget elementor-widget-heading\" data-id=\"a843df5\" data-element_type=\"widget\" data-e-type=\"widget\" data-widget_type=\"heading.default\">\n\t\t\t\t<div class=\"elementor-widget-container\">\n\t\t\t\t\t<h2 class=\"elementor-heading-title elementor-size-default\">Architectural Steel Cladding by Toiture \u00c9co Qu\u00e9bec<\/h2>\t\t\t\t<\/div>\n\t\t\t\t<\/div>\n\t\t\t\t<div class=\"elementor-element elementor-element-e293814 elementor-widget elementor-widget-text-editor\" data-id=\"e293814\" data-element_type=\"widget\" data-e-type=\"widget\" data-widget_type=\"text-editor.default\">\n\t\t\t\t<div class=\"elementor-widget-container\">\n\t\t\t\t\t\t\t\t\t<p>Give your building a durable, aesthetically pleasing cladding with <strong>Toiture \u00c9co Qu\u00e9bec<\/strong>. Our architectural steel cladding is ideal for residential, commercial and institutional installations. It perfectly reproduces the look of wood, without the maintenance constraints.  <\/p>\n\t\t\t\t\t\t\t\t<\/div>\n\t\t\t\t<\/div>\n\t\t\t\t<div class=\"elementor-element elementor-element-a2df89d elementor-widget elementor-widget-heading\" data-id=\"a2df89d\" data-element_type=\"widget\" data-e-type=\"widget\" data-widget_type=\"heading.default\">\n\t\t\t\t<div class=\"elementor-widget-container\">\n\t\t\t\t\t<h6 class=\"elementor-heading-title elementor-size-default\">Click on the button to download the brochure<\/h6>\t\t\t\t<\/div>\n\t\t\t\t<\/div>\n\t\t\t\t<div class=\"elementor-element elementor-element-7847247 elementor-widget elementor-widget-button\" data-id=\"7847247\" data-element_type=\"widget\" data-e-type=\"widget\" data-widget_type=\"button.default\">\n\t\t\t\t<div class=\"elementor-widget-container\">\n\t\t\t\t\t\t\t\t\t<div class=\"elementor-button-wrapper\">\n\t\t\t\t\t<a class=\"elementor-button elementor-button-link elementor-size-sm\" href=\"https:\/\/toituresecoquebec.ca\/wp-content\/uploads\/2025\/02\/Toiture-Eco-Quebec-Specifications.pdf\" target=\"_blank\">\n\t\t\t\t\t\t<span class=\"elementor-button-content-wrapper\">\n\t\t\t\t\t\t\t\t\t<span class=\"elementor-button-text\">Download<\/span>\n\t\t\t\t\t<\/span>\n\t\t\t\t\t<\/a>\n\t\t\t\t<\/div>\n\t\t\t\t\t\t\t\t<\/div>\n\t\t\t\t<\/div>\n\t\t\t\t<\/div>\n\t\t<div class=\"elementor-element elementor-element-9465e69 e-con-full e-flex e-con e-child\" data-id=\"9465e69\" data-element_type=\"container\" data-e-type=\"container\">\n\t\t\t\t<div class=\"elementor-element elementor-element-9a0fd4e elementor-widget elementor-widget-text-editor\" data-id=\"9a0fd4e\" data-element_type=\"widget\" data-e-type=\"widget\" data-widget_type=\"text-editor.default\">\n\t\t\t\t<div class=\"elementor-widget-container\">\n\t\t\t\t\t\t\t\t\t<p><strong>Why choose our steel cladding?<\/strong><br \/>\u2705 <strong>Weather and water resistant<\/strong> &#8211; Will not warp and remains stable in all conditions.<br \/>\u2705 <strong>Advanced UV protection<\/strong> &#8211; Prevents fading and cracking, unlike natural wood.<br \/>\u2705 <strong>Vertical installation<\/strong> &#8211; Perfect for a modern, elegant finish.<\/p>\n\t\t\t\t\t\t\t\t<\/div>\n\t\t\t\t<\/div>\n\t\t\t\t<div class=\"elementor-element elementor-element-9bb1912 elementor-widget elementor-widget-text-editor\" data-id=\"9bb1912\" data-element_type=\"widget\" data-e-type=\"widget\" data-widget_type=\"text-editor.default\">\n\t\t\t\t<div class=\"elementor-widget-container\">\n\t\t\t\t\t\t\t\t\t<h3><strong>Available materials<\/strong><\/h3>\n<p>\ud83d\udd39 <strong>Pre-painted galvanized steel<\/strong> (ASTM A-653 SS, grade 33, Z275) &#8211; Thickness: 0.50 mm<br \/>\ud83d\udd39 <strong>Wood finishes<\/strong>: Cedar, Walnut<br \/>\ud83d\udd39 <strong>Modern colors<\/strong>: Colonial Red, Wine Red, Terracotta, Space Black, Graphite Gray, Chocolate Brown<\/p>\n<p>Our cladding complies with <strong>National Building Code<\/strong> and <strong>CAN \/ ULC &#8211; S101<\/strong> standards.<\/p>\n\t\t\t\t\t\t\t\t<\/div>\n\t\t\t\t<\/div>\n\t\t\t\t<\/div>\n\t\t\t\t\t<\/div>\n\t\t\t\t<\/div>\n\t\t<div class=\"elementor-element elementor-element-a8a60c4 e-flex e-con-boxed e-con e-parent\" data-id=\"a8a60c4\" data-element_type=\"container\" data-e-type=\"container\">\n\t\t\t\t\t<div class=\"e-con-inner\">\n\t\t<div class=\"elementor-element elementor-element-ecce255 e-con-full e-flex e-con e-child\" data-id=\"ecce255\" data-element_type=\"container\" data-e-type=\"container\">\n\t\t\t\t<div class=\"elementor-element elementor-element-ab1b4da elementor-widget elementor-widget-image\" data-id=\"ab1b4da\" data-element_type=\"widget\" data-e-type=\"widget\" data-widget_type=\"image.default\">\n\t\t\t\t<div class=\"elementor-widget-container\">\n\t\t\t\t\t\t\t\t\t\t\t\t\t\t\t<img fetchpriority=\"high\" decoding=\"async\" width=\"1024\" height=\"757\" src=\"https:\/\/toituresecoquebec.ca\/wp-content\/uploads\/2025\/02\/Specifications_2024.08-0-1024x757.jpg\" class=\"attachment-large size-large wp-image-3334\" alt=\"Specifications\" srcset=\"https:\/\/toituresecoquebec.ca\/wp-content\/uploads\/2025\/02\/Specifications_2024.08-0-1024x757.jpg 1024w, https:\/\/toituresecoquebec.ca\/wp-content\/uploads\/2025\/02\/Specifications_2024.08-0-300x222.jpg 300w, https:\/\/toituresecoquebec.ca\/wp-content\/uploads\/2025\/02\/Specifications_2024.08-0-768x568.jpg 768w, https:\/\/toituresecoquebec.ca\/wp-content\/uploads\/2025\/02\/Specifications_2024.08-0-1536x1136.jpg 1536w, https:\/\/toituresecoquebec.ca\/wp-content\/uploads\/2025\/02\/Specifications_2024.08-0-2048x1515.jpg 2048w\" sizes=\"(max-width: 1024px) 100vw, 1024px\" \/>\t\t\t\t\t\t\t\t\t\t\t\t\t\t\t<\/div>\n\t\t\t\t<\/div>\n\t\t\t\t<\/div>\n\t\t<div class=\"elementor-element elementor-element-96e58f2 e-con-full e-flex e-con e-child\" data-id=\"96e58f2\" data-element_type=\"container\" data-e-type=\"container\">\n\t\t\t\t<div class=\"elementor-element elementor-element-ef27892 elementor-widget elementor-widget-image\" data-id=\"ef27892\" data-element_type=\"widget\" data-e-type=\"widget\" data-widget_type=\"image.default\">\n\t\t\t\t<div class=\"elementor-widget-container\">\n\t\t\t\t\t\t\t\t\t\t\t\t\t\t\t<img decoding=\"async\" width=\"1024\" height=\"768\" src=\"https:\/\/toituresecoquebec.ca\/wp-content\/uploads\/2025\/02\/example1-1024x768.webp\" class=\"attachment-large size-large wp-image-3332\" alt=\"Roof example\" srcset=\"https:\/\/toituresecoquebec.ca\/wp-content\/uploads\/2025\/02\/example1-1024x768.webp 1024w, https:\/\/toituresecoquebec.ca\/wp-content\/uploads\/2025\/02\/example1-300x225.webp 300w, https:\/\/toituresecoquebec.ca\/wp-content\/uploads\/2025\/02\/example1-768x576.webp 768w, https:\/\/toituresecoquebec.ca\/wp-content\/uploads\/2025\/02\/example1.webp 1440w\" sizes=\"(max-width: 1024px) 100vw, 1024px\" \/>\t\t\t\t\t\t\t\t\t\t\t\t\t\t\t<\/div>\n\t\t\t\t<\/div>\n\t\t\t\t<\/div>\n\t\t\t\t\t<\/div>\n\t\t\t\t<\/div>\n\t\t\t\t<\/div>\n\t\t","protected":false},"excerpt":{"rendered":"<p>Offers &amp; News Offers &amp; News Architectural Steel Cladding by Toiture \u00c9co Qu\u00e9bec Give your building a durable, aesthetically pleasing cladding with Toiture \u00c9co Qu\u00e9bec. Our architectural steel cladding is ideal for residential, commercial and institutional installations. It perfectly reproduces the look of wood, without the maintenance constraints. Click on the button to download the [&hellip;]<\/p>\n","protected":false},"author":1,"featured_media":0,"parent":0,"menu_order":0,"comment_status":"closed","ping_status":"closed","template":"","meta":{"site-sidebar-layout":"no-sidebar","site-content-layout":"page-builder","ast-site-content-layout":"full-width-container","site-content-style":"unboxed","site-sidebar-style":"unboxed","ast-global-header-display":"","ast-banner-title-visibility":"","ast-main-header-display":"","ast-hfb-above-header-display":"","ast-hfb-below-header-display":"","ast-hfb-mobile-header-display":"","site-post-title":"disabled","ast-breadcrumbs-content":"","ast-featured-img":"disabled","footer-sml-layout":"","ast-disable-related-posts":"","theme-transparent-header-meta":"enabled","adv-header-id-meta":"","stick-header-meta":"","header-above-stick-meta":"","header-main-stick-meta":"","header-below-stick-meta":"","astra-migrate-meta-layouts":"default","ast-page-background-enabled":"default","ast-page-background-meta":{"desktop":{"background-color":"","background-image":"","background-repeat":"repeat","background-position":"center center","background-size":"auto","background-attachment":"scroll","background-type":"","background-media":"","overlay-type":"","overlay-color":"","overlay-opacity":"","overlay-gradient":""},"tablet":{"background-color":"","background-image":"","background-repeat":"repeat","background-position":"center center","background-size":"auto","background-attachment":"scroll","background-type":"","background-media":"","overlay-type":"","overlay-color":"","overlay-opacity":"","overlay-gradient":""},"mobile":{"background-color":"","background-image":"","background-repeat":"repeat","background-position":"center center","background-size":"auto","background-attachment":"scroll","background-type":"","background-media":"","overlay-type":"","overlay-color":"","overlay-opacity":"","overlay-gradient":""}},"ast-content-background-meta":{"desktop":{"background-color":"var(--ast-global-color-5)","background-image":"","background-repeat":"repeat","background-position":"center center","background-size":"auto","background-attachment":"scroll","background-type":"","background-media":"","overlay-type":"","overlay-color":"","overlay-opacity":"","overlay-gradient":""},"tablet":{"background-color":"var(--ast-global-color-5)","background-image":"","background-repeat":"repeat","background-position":"center center","background-size":"auto","background-attachment":"scroll","background-type":"","background-media":"","overlay-type":"","overlay-color":"","overlay-opacity":"","overlay-gradient":""},"mobile":{"background-color":"var(--ast-global-color-5)","background-image":"","background-repeat":"repeat","background-position":"center center","background-size":"auto","background-attachment":"scroll","background-type":"","background-media":"","overlay-type":"","overlay-color":"","overlay-opacity":"","overlay-gradient":""}},"footnotes":""},"class_list":["post-3389","page","type-page","status-publish","hentry"],"_links":{"self":[{"href":"https:\/\/toituresecoquebec.ca\/en\/wp-json\/wp\/v2\/pages\/3389","targetHints":{"allow":["GET"]}}],"collection":[{"href":"https:\/\/toituresecoquebec.ca\/en\/wp-json\/wp\/v2\/pages"}],"about":[{"href":"https:\/\/toituresecoquebec.ca\/en\/wp-json\/wp\/v2\/types\/page"}],"author":[{"embeddable":true,"href":"https:\/\/toituresecoquebec.ca\/en\/wp-json\/wp\/v2\/users\/1"}],"replies":[{"embeddable":true,"href":"https:\/\/toituresecoquebec.ca\/en\/wp-json\/wp\/v2\/comments?post=3389"}],"version-history":[{"count":1,"href":"https:\/\/toituresecoquebec.ca\/en\/wp-json\/wp\/v2\/pages\/3389\/revisions"}],"predecessor-version":[{"id":3390,"href":"https:\/\/toituresecoquebec.ca\/en\/wp-json\/wp\/v2\/pages\/3389\/revisions\/3390"}],"wp:attachment":[{"href":"https:\/\/toituresecoquebec.ca\/en\/wp-json\/wp\/v2\/media?parent=3389"}],"curies":[{"name":"wp","href":"https:\/\/api.w.org\/{rel}","templated":true}]}}