{"id":2146,"date":"2024-04-04T15:15:38","date_gmt":"2024-04-04T20:15:38","guid":{"rendered":"https:\/\/toituresecoquebec.ca\/?page_id=2146"},"modified":"2026-02-23T13:45:36","modified_gmt":"2026-02-23T18:45:36","slug":"blog","status":"publish","type":"page","link":"https:\/\/toituresecoquebec.ca\/en\/blog\/","title":{"rendered":"Blog"},"content":{"rendered":"\t\t<div data-elementor-type=\"wp-page\" data-elementor-id=\"2146\" class=\"elementor elementor-2146\">\n\t\t\t\t<div class=\"elementor-element elementor-element-d98992a e-flex e-con-boxed e-con e-parent\" data-id=\"d98992a\" data-element_type=\"container\" data-e-type=\"container\" data-settings=\"{&quot;background_background&quot;:&quot;classic&quot;}\">\n\t\t\t\t\t<div class=\"e-con-inner\">\n\t\t<div class=\"elementor-element elementor-element-6b6722d e-con-full e-flex e-con e-child\" data-id=\"6b6722d\" data-element_type=\"container\" data-e-type=\"container\">\n\t\t\t\t<div class=\"elementor-element elementor-element-200e1d2 elementor-widget elementor-widget-heading\" data-id=\"200e1d2\" data-element_type=\"widget\" data-e-type=\"widget\" data-widget_type=\"heading.default\">\n\t\t\t\t<div class=\"elementor-widget-container\">\n\t\t\t\t\t<h1 class=\"elementor-heading-title elementor-size-default\">Our Blog<\/h1>\t\t\t\t<\/div>\n\t\t\t\t<\/div>\n\t\t\t\t<div class=\"elementor-element elementor-element-29587ec elementor-widget-divider--view-line elementor-widget elementor-widget-divider\" data-id=\"29587ec\" data-element_type=\"widget\" data-e-type=\"widget\" data-widget_type=\"divider.default\">\n\t\t\t\t<div class=\"elementor-widget-container\">\n\t\t\t\t\t\t\t<div class=\"elementor-divider\">\n\t\t\t<span class=\"elementor-divider-separator\">\n\t\t\t\t\t\t<\/span>\n\t\t<\/div>\n\t\t\t\t\t\t<\/div>\n\t\t\t\t<\/div>\n\t\t\t\t<\/div>\n\t\t\t\t\t<\/div>\n\t\t\t\t<\/div>\n\t\t<div class=\"elementor-element elementor-element-80c0cfb e-flex e-con-boxed e-con e-parent\" data-id=\"80c0cfb\" data-element_type=\"container\" data-e-type=\"container\">\n\t\t\t\t\t<div class=\"e-con-inner\">\n\t\t\t\t<div class=\"elementor-element elementor-element-4dd3002 elementor-widget elementor-widget-text-editor\" data-id=\"4dd3002\" data-element_type=\"widget\" data-e-type=\"widget\" data-widget_type=\"text-editor.default\">\n\t\t\t\t<div class=\"elementor-widget-container\">\n\t\t\t\t\t\t\t\t\t<p>Discover the latest trends and expert insights in roofing solutions to keep your home safe, stylish, and sustainable.<\/p>\t\t\t\t\t\t\t\t<\/div>\n\t\t\t\t<\/div>\n\t\t\t\t<div class=\"elementor-element elementor-element-321361c elementor-widget-divider--view-line elementor-widget elementor-widget-divider\" data-id=\"321361c\" data-element_type=\"widget\" data-e-type=\"widget\" data-widget_type=\"divider.default\">\n\t\t\t\t<div class=\"elementor-widget-container\">\n\t\t\t\t\t\t\t<div class=\"elementor-divider\">\n\t\t\t<span class=\"elementor-divider-separator\">\n\t\t\t\t\t\t<\/span>\n\t\t<\/div>\n\t\t\t\t\t\t<\/div>\n\t\t\t\t<\/div>\n\t\t\t\t\t<\/div>\n\t\t\t\t<\/div>\n\t\t<div class=\"elementor-element elementor-element-06935e2 e-flex e-con-boxed e-con e-parent\" data-id=\"06935e2\" data-element_type=\"container\" data-e-type=\"container\">\n\t\t\t\t\t<div class=\"e-con-inner\">\n\t\t\t\t<div class=\"elementor-element elementor-element-f94481d uael-equal__height-yes uael-posts-thumbnail-ratio uael-post__link-complete-yes elementor-widget elementor-widget-uael-posts\" data-id=\"f94481d\" data-element_type=\"widget\" data-e-type=\"widget\" data-settings=\"{&quot;classic_slides_to_show&quot;:3,&quot;classic_slides_to_show_tablet&quot;:2,&quot;classic_slides_to_show_mobile&quot;:1,&quot;classic_pagination_type&quot;:&quot;ajax&quot;,&quot;classic_show_filters&quot;:&quot;no&quot;}\" data-widget_type=\"uael-posts.classic\">\n\t\t\t\t<div class=\"elementor-widget-container\">\n\t\t\t\t\t\t\t<div class=\"uael-post__header\">\n\t\t\t\t\t<\/div>\n\t\t<div class=\"uael-post__body\">\n\t\t\t\n\t\t\n\t\t<div class=\"uael-blog-terms-position- uael-post-image-top uael-post-grid uael-posts\" data-query-type=\"custom\" data-structure=\"normal\" data-layout=\"\" data-page=\"2146\" data-skin=\"classic\" data-filter-default=\"\" data-offset-top=\"30\" >\n\n\t\t\t\t\t\t\t<div class=\"uael-post-grid__inner uael-post__columns-3 uael-post__columns-tablet-2 uael-post__columns-mobile-1\">\n\t\t\t\n<div class=\"uael-post-wrapper   blog \">\n\t<div class=\"uael-post__bg-wrap uael-bg-wrap-disabled \">\n\n\t\t\t\t\t<a href=\"https:\/\/toituresecoquebec.ca\/en\/advantages-of-steel-roofing-for-spring-rain-in-quebec\/\" target=\"_self\" class=\"uael-post__complete-box-overlay\" aria-label=\"Link Complete Box\"><\/a>\n\t\t\t\t\n\t\t<div class=\"uael-post__inner-wrap uael-inner-wrap-disabled\">\n\n\t\t\t\t<div class=\"uael-post__thumbnail\">\n\t\t\t\n\t\t\t<a href=\"https:\/\/toituresecoquebec.ca\/en\/advantages-of-steel-roofing-for-spring-rain-in-quebec\/\" target=\"_self\" title=\"Advantages of Steel Roofing for Spring Rain in Quebec\"><img fetchpriority=\"high\" decoding=\"async\" width=\"1024\" height=\"1024\" src=\"https:\/\/toituresecoquebec.ca\/wp-content\/uploads\/2026\/04\/les-avantages-des-toitures-20260401-0927.webp\" class=\"attachment-full size-full wp-image-4856\" alt=\"\" srcset=\"https:\/\/toituresecoquebec.ca\/wp-content\/uploads\/2026\/04\/les-avantages-des-toitures-20260401-0927.webp 1024w, https:\/\/toituresecoquebec.ca\/wp-content\/uploads\/2026\/04\/les-avantages-des-toitures-20260401-0927-300x300.webp 300w, https:\/\/toituresecoquebec.ca\/wp-content\/uploads\/2026\/04\/les-avantages-des-toitures-20260401-0927-150x150.webp 150w, https:\/\/toituresecoquebec.ca\/wp-content\/uploads\/2026\/04\/les-avantages-des-toitures-20260401-0927-768x768.webp 768w\" sizes=\"(max-width: 1024px) 100vw, 1024px\" \/><\/a>\n\t\t\t\t\t<\/div>\n\t\t\n\t\t\t\n\t\t\t<div class=\"uael-post__content-wrap uael-content-wrap-disabled\">\n\t\t\t\t\t<h3 class=\"uael-post__title\">\n\n\t\t\n\t\t\t\t\t\t<a href=\"https:\/\/toituresecoquebec.ca\/en\/advantages-of-steel-roofing-for-spring-rain-in-quebec\/\" target=\"_self\">\n\t\t\t\tAdvantages of Steel Roofing for Spring Rain in Quebec\t\t\t<\/a>\n\n\t\t\t\t<\/h3>\n\t\t\n\t\t<div class=\"uael-post__excerpt\">\n\t\t\tMetal roofing is proving to be an ideal solution to the climatic challenges of springtime in Quebec. With increasing rainfall and storms, it&#8217;s crucial to ...\t\t<\/div>\n\n\t\t\t\t\t<a class=\"uael-post__read-more elementor-button\" href=\"https:\/\/toituresecoquebec.ca\/en\/advantages-of-steel-roofing-for-spring-rain-in-quebec\/\" target=\"_self\" aria-labelledby=\"uael-post-4859\">\n\t\t\t\t\t<span class=\"elementor-button-content-wrapper\">\n\t\t\t\t\t\t\t\t\t\t\t\t\t\t<span class=\"elementor-button-icon elementor-align-icon-left\">\n\n\t\t\t\t\t\t\t\t\t\n\t\t\t\t\t\t\t\t<\/span>\n\t\t\t\t\t\t\t\t\t\t\t\t\t\n\t\t\t\t\t\t<span class=\"elementor-button-text\" id=uael-post-4859>Read More \u2192<\/span>\n\t\t\t\t\t<\/span>\n\t\t\t\t<\/a>\n\t\t\t\t\t\t<\/div>\n\t\t\t\n\t\t<\/div>\n\t\t\n\t<\/div>\n\n<\/div>\n\n<div class=\"uael-post-wrapper   blog \">\n\t<div class=\"uael-post__bg-wrap uael-bg-wrap-disabled \">\n\n\t\t\t\t\t<a href=\"https:\/\/toituresecoquebec.ca\/en\/roofing-with-peace-of-mind-flexible-payment-for-up-to-6-months\/\" target=\"_self\" class=\"uael-post__complete-box-overlay\" aria-label=\"Link Complete Box\"><\/a>\n\t\t\t\t\n\t\t<div class=\"uael-post__inner-wrap uael-inner-wrap-disabled\">\n\n\t\t\t\t<div class=\"uael-post__thumbnail\">\n\t\t\t\n\t\t\t<a href=\"https:\/\/toituresecoquebec.ca\/en\/roofing-with-peace-of-mind-flexible-payment-for-up-to-6-months\/\" target=\"_self\" title=\"Roofing with peace of mind: Flexible payment for up to 6 months\"><img decoding=\"async\" width=\"1536\" height=\"1024\" src=\"https:\/\/toituresecoquebec.ca\/wp-content\/uploads\/2026\/03\/financement_cover_1536_1024_01.webp\" class=\"attachment-full size-full wp-image-4847\" alt=\"programme de paiement\" srcset=\"https:\/\/toituresecoquebec.ca\/wp-content\/uploads\/2026\/03\/financement_cover_1536_1024_01.webp 1536w, https:\/\/toituresecoquebec.ca\/wp-content\/uploads\/2026\/03\/financement_cover_1536_1024_01-300x200.webp 300w, https:\/\/toituresecoquebec.ca\/wp-content\/uploads\/2026\/03\/financement_cover_1536_1024_01-1024x683.webp 1024w, https:\/\/toituresecoquebec.ca\/wp-content\/uploads\/2026\/03\/financement_cover_1536_1024_01-768x512.webp 768w\" sizes=\"(max-width: 1536px) 100vw, 1536px\" \/><\/a>\n\t\t\t\t\t<\/div>\n\t\t\n\t\t\t\n\t\t\t<div class=\"uael-post__content-wrap uael-content-wrap-disabled\">\n\t\t\t\t\t<h3 class=\"uael-post__title\">\n\n\t\t\n\t\t\t\t\t\t<a href=\"https:\/\/toituresecoquebec.ca\/en\/roofing-with-peace-of-mind-flexible-payment-for-up-to-6-months\/\" target=\"_self\">\n\t\t\t\tRoofing with peace of mind: Flexible payment for up to 6 months\t\t\t<\/a>\n\n\t\t\t\t<\/h3>\n\t\t\n\t\t<div class=\"uael-post__excerpt\">\n\t\t\tReplacing or installing a roof is never a small decision. Quality, durability&#8230; but also budget. And that&#8217;s where the hesitation often begins. Good news: today, ...\t\t<\/div>\n\n\t\t\t\t\t<a class=\"uael-post__read-more elementor-button\" href=\"https:\/\/toituresecoquebec.ca\/en\/roofing-with-peace-of-mind-flexible-payment-for-up-to-6-months\/\" target=\"_self\" aria-labelledby=\"uael-post-4853\">\n\t\t\t\t\t<span class=\"elementor-button-content-wrapper\">\n\t\t\t\t\t\t\t\t\t\t\t\t\t\t<span class=\"elementor-button-icon elementor-align-icon-left\">\n\n\t\t\t\t\t\t\t\t\t\n\t\t\t\t\t\t\t\t<\/span>\n\t\t\t\t\t\t\t\t\t\t\t\t\t\n\t\t\t\t\t\t<span class=\"elementor-button-text\" id=uael-post-4853>Read More \u2192<\/span>\n\t\t\t\t\t<\/span>\n\t\t\t\t<\/a>\n\t\t\t\t\t\t<\/div>\n\t\t\t\n\t\t<\/div>\n\t\t\n\t<\/div>\n\n<\/div>\n\n<div class=\"uael-post-wrapper   blog \">\n\t<div class=\"uael-post__bg-wrap uael-bg-wrap-disabled \">\n\n\t\t\t\t\t<a href=\"https:\/\/toituresecoquebec.ca\/en\/how-my-new-roof-gave-me-peace-of-mind\/\" target=\"_self\" class=\"uael-post__complete-box-overlay\" aria-label=\"Link Complete Box\"><\/a>\n\t\t\t\t\n\t\t<div class=\"uael-post__inner-wrap uael-inner-wrap-disabled\">\n\n\t\t\t\t<div class=\"uael-post__thumbnail\">\n\t\t\t\n\t\t\t<a href=\"https:\/\/toituresecoquebec.ca\/en\/how-my-new-roof-gave-me-peace-of-mind\/\" target=\"_self\" title=\"How my new roof gave me peace of mind\"><img decoding=\"async\" width=\"1200\" height=\"675\" src=\"https:\/\/toituresecoquebec.ca\/wp-content\/uploads\/2024\/08\/0cImage08.jpg\" class=\"attachment-full size-full wp-image-2684\" alt=\"Roofs\" srcset=\"https:\/\/toituresecoquebec.ca\/wp-content\/uploads\/2024\/08\/0cImage08.jpg 1200w, https:\/\/toituresecoquebec.ca\/wp-content\/uploads\/2024\/08\/0cImage08-300x169.jpg 300w, https:\/\/toituresecoquebec.ca\/wp-content\/uploads\/2024\/08\/0cImage08-1024x576.jpg 1024w, https:\/\/toituresecoquebec.ca\/wp-content\/uploads\/2024\/08\/0cImage08-768x432.jpg 768w\" sizes=\"(max-width: 1200px) 100vw, 1200px\" \/><\/a>\n\t\t\t\t\t<\/div>\n\t\t\n\t\t\t\n\t\t\t<div class=\"uael-post__content-wrap uael-content-wrap-disabled\">\n\t\t\t\t\t<h3 class=\"uael-post__title\">\n\n\t\t\n\t\t\t\t\t\t<a href=\"https:\/\/toituresecoquebec.ca\/en\/how-my-new-roof-gave-me-peace-of-mind\/\" target=\"_self\">\n\t\t\t\tHow my new roof gave me peace of mind\t\t\t<\/a>\n\n\t\t\t\t<\/h3>\n\t\t\n\t\t<div class=\"uael-post__excerpt\">\n\t\t\tHow my new roof gave me peace of mind There&#8217;s this crazy habit I&#8217;ve developed over the years. Every autumn, as soon as the first ...\t\t<\/div>\n\n\t\t\t\t\t<a class=\"uael-post__read-more elementor-button\" href=\"https:\/\/toituresecoquebec.ca\/en\/how-my-new-roof-gave-me-peace-of-mind\/\" target=\"_self\" aria-labelledby=\"uael-post-4340\">\n\t\t\t\t\t<span class=\"elementor-button-content-wrapper\">\n\t\t\t\t\t\t\t\t\t\t\t\t\t\t<span class=\"elementor-button-icon elementor-align-icon-left\">\n\n\t\t\t\t\t\t\t\t\t\n\t\t\t\t\t\t\t\t<\/span>\n\t\t\t\t\t\t\t\t\t\t\t\t\t\n\t\t\t\t\t\t<span class=\"elementor-button-text\" id=uael-post-4340>Read More \u2192<\/span>\n\t\t\t\t\t<\/span>\n\t\t\t\t<\/a>\n\t\t\t\t\t\t<\/div>\n\t\t\t\n\t\t<\/div>\n\t\t\n\t<\/div>\n\n<\/div>\n\n<div class=\"uael-post-wrapper   blog \">\n\t<div class=\"uael-post__bg-wrap uael-bg-wrap-disabled \">\n\n\t\t\t\t\t<a href=\"https:\/\/toituresecoquebec.ca\/en\/ecological-roofing-options-for-increased-rainfall-this-spring\/\" target=\"_self\" class=\"uael-post__complete-box-overlay\" aria-label=\"Link Complete Box\"><\/a>\n\t\t\t\t\n\t\t<div class=\"uael-post__inner-wrap uael-inner-wrap-disabled\">\n\n\t\t\t\t<div class=\"uael-post__thumbnail\">\n\t\t\t\n\t\t\t<a href=\"https:\/\/toituresecoquebec.ca\/en\/ecological-roofing-options-for-increased-rainfall-this-spring\/\" target=\"_self\" title=\"Ecological Roofing Options for Increased Rainfall this Spring\"><img loading=\"lazy\" decoding=\"async\" width=\"1024\" height=\"1024\" src=\"https:\/\/toituresecoquebec.ca\/wp-content\/uploads\/2026\/03\/options-de-toiture-cologiques-20260319-2013.webp\" class=\"attachment-full size-full wp-image-4833\" alt=\"\" srcset=\"https:\/\/toituresecoquebec.ca\/wp-content\/uploads\/2026\/03\/options-de-toiture-cologiques-20260319-2013.webp 1024w, https:\/\/toituresecoquebec.ca\/wp-content\/uploads\/2026\/03\/options-de-toiture-cologiques-20260319-2013-300x300.webp 300w, https:\/\/toituresecoquebec.ca\/wp-content\/uploads\/2026\/03\/options-de-toiture-cologiques-20260319-2013-150x150.webp 150w, https:\/\/toituresecoquebec.ca\/wp-content\/uploads\/2026\/03\/options-de-toiture-cologiques-20260319-2013-768x768.webp 768w\" sizes=\"(max-width: 1024px) 100vw, 1024px\" \/><\/a>\n\t\t\t\t\t<\/div>\n\t\t\n\t\t\t\n\t\t\t<div class=\"uael-post__content-wrap uael-content-wrap-disabled\">\n\t\t\t\t\t<h3 class=\"uael-post__title\">\n\n\t\t\n\t\t\t\t\t\t<a href=\"https:\/\/toituresecoquebec.ca\/en\/ecological-roofing-options-for-increased-rainfall-this-spring\/\" target=\"_self\">\n\t\t\t\tEcological Roofing Options for Increased Rainfall this Spring\t\t\t<\/a>\n\n\t\t\t\t<\/h3>\n\t\t\n\t\t<div class=\"uael-post__excerpt\">\n\t\t\tWith the arrival of spring, homeowners face a growing challenge: increased precipitation. For those looking to protect their homes while respecting the environment, evaluating eco-friendly ...\t\t<\/div>\n\n\t\t\t\t\t<a class=\"uael-post__read-more elementor-button\" href=\"https:\/\/toituresecoquebec.ca\/en\/ecological-roofing-options-for-increased-rainfall-this-spring\/\" target=\"_self\" aria-labelledby=\"uael-post-4850\">\n\t\t\t\t\t<span class=\"elementor-button-content-wrapper\">\n\t\t\t\t\t\t\t\t\t\t\t\t\t\t<span class=\"elementor-button-icon elementor-align-icon-left\">\n\n\t\t\t\t\t\t\t\t\t\n\t\t\t\t\t\t\t\t<\/span>\n\t\t\t\t\t\t\t\t\t\t\t\t\t\n\t\t\t\t\t\t<span class=\"elementor-button-text\" id=uael-post-4850>Read More \u2192<\/span>\n\t\t\t\t\t<\/span>\n\t\t\t\t<\/a>\n\t\t\t\t\t\t<\/div>\n\t\t\t\n\t\t<\/div>\n\t\t\n\t<\/div>\n\n<\/div>\n\n<div class=\"uael-post-wrapper   blog \">\n\t<div class=\"uael-post__bg-wrap uael-bg-wrap-disabled \">\n\n\t\t\t\t\t<a href=\"https:\/\/toituresecoquebec.ca\/en\/why-eco-responsible-metal-roofing-is-essential-for-protecting-homes-from-spring-rains\/\" target=\"_self\" class=\"uael-post__complete-box-overlay\" aria-label=\"Link Complete Box\"><\/a>\n\t\t\t\t\n\t\t<div class=\"uael-post__inner-wrap uael-inner-wrap-disabled\">\n\n\t\t\t\t<div class=\"uael-post__thumbnail\">\n\t\t\t\n\t\t\t<a href=\"https:\/\/toituresecoquebec.ca\/en\/why-eco-responsible-metal-roofing-is-essential-for-protecting-homes-from-spring-rains\/\" target=\"_self\" title=\"Why Eco-Responsible Metal Roofing is Essential for Protecting Homes from Spring Rains\"><img loading=\"lazy\" decoding=\"async\" width=\"1024\" height=\"1024\" src=\"https:\/\/toituresecoquebec.ca\/wp-content\/uploads\/2026\/03\/pourquoi-le-toit-mtallique-20260303-1100.webp\" class=\"attachment-full size-full wp-image-4793\" alt=\"\" srcset=\"https:\/\/toituresecoquebec.ca\/wp-content\/uploads\/2026\/03\/pourquoi-le-toit-mtallique-20260303-1100.webp 1024w, https:\/\/toituresecoquebec.ca\/wp-content\/uploads\/2026\/03\/pourquoi-le-toit-mtallique-20260303-1100-300x300.webp 300w, https:\/\/toituresecoquebec.ca\/wp-content\/uploads\/2026\/03\/pourquoi-le-toit-mtallique-20260303-1100-150x150.webp 150w, https:\/\/toituresecoquebec.ca\/wp-content\/uploads\/2026\/03\/pourquoi-le-toit-mtallique-20260303-1100-768x768.webp 768w\" sizes=\"(max-width: 1024px) 100vw, 1024px\" \/><\/a>\n\t\t\t\t\t<\/div>\n\t\t\n\t\t\t\n\t\t\t<div class=\"uael-post__content-wrap uael-content-wrap-disabled\">\n\t\t\t\t\t<h3 class=\"uael-post__title\">\n\n\t\t\n\t\t\t\t\t\t<a href=\"https:\/\/toituresecoquebec.ca\/en\/why-eco-responsible-metal-roofing-is-essential-for-protecting-homes-from-spring-rains\/\" target=\"_self\">\n\t\t\t\tWhy Eco-Responsible Metal Roofing is Essential for Protecting Homes from Spring Rains\t\t\t<\/a>\n\n\t\t\t\t<\/h3>\n\t\t\n\t\t<div class=\"uael-post__excerpt\">\n\t\t\tIn spring, heavy rainfall often poses considerable challenges for homeowners wishing to protect their homes. Eco-responsible metal roofing offers an ideal solution, not only for ...\t\t<\/div>\n\n\t\t\t\t\t<a class=\"uael-post__read-more elementor-button\" href=\"https:\/\/toituresecoquebec.ca\/en\/why-eco-responsible-metal-roofing-is-essential-for-protecting-homes-from-spring-rains\/\" target=\"_self\" aria-labelledby=\"uael-post-4849\">\n\t\t\t\t\t<span class=\"elementor-button-content-wrapper\">\n\t\t\t\t\t\t\t\t\t\t\t\t\t\t<span class=\"elementor-button-icon elementor-align-icon-left\">\n\n\t\t\t\t\t\t\t\t\t\n\t\t\t\t\t\t\t\t<\/span>\n\t\t\t\t\t\t\t\t\t\t\t\t\t\n\t\t\t\t\t\t<span class=\"elementor-button-text\" id=uael-post-4849>Read More \u2192<\/span>\n\t\t\t\t\t<\/span>\n\t\t\t\t<\/a>\n\t\t\t\t\t\t<\/div>\n\t\t\t\n\t\t<\/div>\n\t\t\n\t<\/div>\n\n<\/div>\n\n<div class=\"uael-post-wrapper   blog \">\n\t<div class=\"uael-post__bg-wrap uael-bg-wrap-disabled \">\n\n\t\t\t\t\t<a href=\"https:\/\/toituresecoquebec.ca\/en\/why-metal-roofs-resist-ice-build-up-better-technical-analysis-for-february-in-quebec\/\" target=\"_self\" class=\"uael-post__complete-box-overlay\" aria-label=\"Link Complete Box\"><\/a>\n\t\t\t\t\n\t\t<div class=\"uael-post__inner-wrap uael-inner-wrap-disabled\">\n\n\t\t\t\t<div class=\"uael-post__thumbnail\">\n\t\t\t\n\t\t\t<a href=\"https:\/\/toituresecoquebec.ca\/en\/why-metal-roofs-resist-ice-build-up-better-technical-analysis-for-february-in-quebec\/\" target=\"_self\" title=\"Why metal roofs resist ice build-up better: technical analysis for February in Quebec\"><img loading=\"lazy\" decoding=\"async\" width=\"1024\" height=\"1024\" src=\"https:\/\/toituresecoquebec.ca\/wp-content\/uploads\/2026\/02\/pourquoi-les-toits-mtalliques-20260216-1204.webp\" class=\"attachment-full size-full wp-image-4632\" alt=\"\" srcset=\"https:\/\/toituresecoquebec.ca\/wp-content\/uploads\/2026\/02\/pourquoi-les-toits-mtalliques-20260216-1204.webp 1024w, https:\/\/toituresecoquebec.ca\/wp-content\/uploads\/2026\/02\/pourquoi-les-toits-mtalliques-20260216-1204-300x300.webp 300w, https:\/\/toituresecoquebec.ca\/wp-content\/uploads\/2026\/02\/pourquoi-les-toits-mtalliques-20260216-1204-150x150.webp 150w, https:\/\/toituresecoquebec.ca\/wp-content\/uploads\/2026\/02\/pourquoi-les-toits-mtalliques-20260216-1204-768x768.webp 768w\" sizes=\"(max-width: 1024px) 100vw, 1024px\" \/><\/a>\n\t\t\t\t\t<\/div>\n\t\t\n\t\t\t\n\t\t\t<div class=\"uael-post__content-wrap uael-content-wrap-disabled\">\n\t\t\t\t\t<h3 class=\"uael-post__title\">\n\n\t\t\n\t\t\t\t\t\t<a href=\"https:\/\/toituresecoquebec.ca\/en\/why-metal-roofs-resist-ice-build-up-better-technical-analysis-for-february-in-quebec\/\" target=\"_self\">\n\t\t\t\tWhy metal roofs resist ice build-up better: technical analysis for February in Quebec\t\t\t<\/a>\n\n\t\t\t\t<\/h3>\n\t\t\n\t\t<div class=\"uael-post__excerpt\">\n\t\t\tIn February, Quebec often experiences extreme weather conditions, including heavy snowfalls and freezing temperatures. These conditions can lead to ice build-up on roofs, a common ...\t\t<\/div>\n\n\t\t\t\t\t<a class=\"uael-post__read-more elementor-button\" href=\"https:\/\/toituresecoquebec.ca\/en\/why-metal-roofs-resist-ice-build-up-better-technical-analysis-for-february-in-quebec\/\" target=\"_self\" aria-labelledby=\"uael-post-4690\">\n\t\t\t\t\t<span class=\"elementor-button-content-wrapper\">\n\t\t\t\t\t\t\t\t\t\t\t\t\t\t<span class=\"elementor-button-icon elementor-align-icon-left\">\n\n\t\t\t\t\t\t\t\t\t\n\t\t\t\t\t\t\t\t<\/span>\n\t\t\t\t\t\t\t\t\t\t\t\t\t\n\t\t\t\t\t\t<span class=\"elementor-button-text\" id=uael-post-4690>Read More \u2192<\/span>\n\t\t\t\t\t<\/span>\n\t\t\t\t<\/a>\n\t\t\t\t\t\t<\/div>\n\t\t\t\n\t\t<\/div>\n\t\t\n\t<\/div>\n\n<\/div>\n\t\t\t\t<\/div>\n\t\t\t\t\t\t\n\t\t<\/div>\n\n\t\t\t\t\t\t<\/div>\n\t\t<div class=\"uael-post__footer\">\n\t\t\t\t\t\t<nav class=\"uael-grid-pagination\"  role=\"navigation\" aria-label=\"Pagination\" data-total=\"35\" data-next-page=\"2\">\n\t\t\t\t<span aria-current=\"page\" class=\"page-numbers current\">1<\/span>\n<a class=\"page-numbers\" href=\"https:\/\/toituresecoquebec.ca\/en\/wp-json\/wp\/v2\/pages\/2146\/page\/2\/\">2<\/a>\n<a class=\"page-numbers\" href=\"https:\/\/toituresecoquebec.ca\/en\/wp-json\/wp\/v2\/pages\/2146\/page\/3\/\">3<\/a>\n<span class=\"page-numbers dots\">&hellip;<\/span>\n<a class=\"page-numbers\" href=\"https:\/\/toituresecoquebec.ca\/en\/wp-json\/wp\/v2\/pages\/2146\/page\/35\/\">35<\/a>\n<a class=\"next page-numbers\" href=\"https:\/\/toituresecoquebec.ca\/en\/wp-json\/wp\/v2\/pages\/2146\/page\/2\/\">Next &raquo;<\/a>\t\t\t<\/nav>\n\t\t\t\t\t<\/div>\n\t\t\t\t\t\t<\/div>\n\t\t\t\t<\/div>\n\t\t\t\t\t<\/div>\n\t\t\t\t<\/div>\n\t\t\t\t<\/div>\n\t\t","protected":false},"excerpt":{"rendered":"<p>Our Blog Discover the latest trends and expert insights in roofing solutions to keep your home safe, stylish, and sustainable. Pourquoi les toits m\u00e9talliques r\u00e9sistent mieux aux accumulations de glace: analyse technique pour f\u00e9vrier qu\u00e9b\u00e9cois En f\u00e9vrier, le Qu\u00e9bec est souvent confront\u00e9 \u00e0 des conditions m\u00e9t\u00e9orologiques extr\u00eames, notamment des chutes de neige abondantes et des [&hellip;]<\/p>\n","protected":false},"author":1,"featured_media":0,"parent":0,"menu_order":0,"comment_status":"closed","ping_status":"closed","template":"","meta":{"site-sidebar-layout":"no-sidebar","site-content-layout":"page-builder","ast-site-content-layout":"full-width-container","site-content-style":"default","site-sidebar-style":"default","ast-global-header-display":"","ast-banner-title-visibility":"","ast-main-header-display":"","ast-hfb-above-header-display":"","ast-hfb-below-header-display":"","ast-hfb-mobile-header-display":"","site-post-title":"disabled","ast-breadcrumbs-content":"","ast-featured-img":"disabled","footer-sml-layout":"","ast-disable-related-posts":"","theme-transparent-header-meta":"enabled","adv-header-id-meta":"","stick-header-meta":"","header-above-stick-meta":"","header-main-stick-meta":"","header-below-stick-meta":"","astra-migrate-meta-layouts":"set","ast-page-background-enabled":"default","ast-page-background-meta":{"desktop":{"background-color":"","background-image":"","background-repeat":"repeat","background-position":"center center","background-size":"auto","background-attachment":"scroll","background-type":"","background-media":"","overlay-type":"","overlay-color":"","overlay-opacity":"","overlay-gradient":""},"tablet":{"background-color":"","background-image":"","background-repeat":"repeat","background-position":"center center","background-size":"auto","background-attachment":"scroll","background-type":"","background-media":"","overlay-type":"","overlay-color":"","overlay-opacity":"","overlay-gradient":""},"mobile":{"background-color":"","background-image":"","background-repeat":"repeat","background-position":"center center","background-size":"auto","background-attachment":"scroll","background-type":"","background-media":"","overlay-type":"","overlay-color":"","overlay-opacity":"","overlay-gradient":""}},"ast-content-background-meta":{"desktop":{"background-color":"var(--ast-global-color-5)","background-image":"","background-repeat":"repeat","background-position":"center center","background-size":"auto","background-attachment":"scroll","background-type":"","background-media":"","overlay-type":"","overlay-color":"","overlay-opacity":"","overlay-gradient":""},"tablet":{"background-color":"var(--ast-global-color-5)","background-image":"","background-repeat":"repeat","background-position":"center center","background-size":"auto","background-attachment":"scroll","background-type":"","background-media":"","overlay-type":"","overlay-color":"","overlay-opacity":"","overlay-gradient":""},"mobile":{"background-color":"var(--ast-global-color-5)","background-image":"","background-repeat":"repeat","background-position":"center center","background-size":"auto","background-attachment":"scroll","background-type":"","background-media":"","overlay-type":"","overlay-color":"","overlay-opacity":"","overlay-gradient":""}},"footnotes":""},"class_list":["post-2146","page","type-page","status-publish","hentry"],"_links":{"self":[{"href":"https:\/\/toituresecoquebec.ca\/en\/wp-json\/wp\/v2\/pages\/2146","targetHints":{"allow":["GET"]}}],"collection":[{"href":"https:\/\/toituresecoquebec.ca\/en\/wp-json\/wp\/v2\/pages"}],"about":[{"href":"https:\/\/toituresecoquebec.ca\/en\/wp-json\/wp\/v2\/types\/page"}],"author":[{"embeddable":true,"href":"https:\/\/toituresecoquebec.ca\/en\/wp-json\/wp\/v2\/users\/1"}],"replies":[{"embeddable":true,"href":"https:\/\/toituresecoquebec.ca\/en\/wp-json\/wp\/v2\/comments?post=2146"}],"version-history":[{"count":22,"href":"https:\/\/toituresecoquebec.ca\/en\/wp-json\/wp\/v2\/pages\/2146\/revisions"}],"predecessor-version":[{"id":4750,"href":"https:\/\/toituresecoquebec.ca\/en\/wp-json\/wp\/v2\/pages\/2146\/revisions\/4750"}],"wp:attachment":[{"href":"https:\/\/toituresecoquebec.ca\/en\/wp-json\/wp\/v2\/media?parent=2146"}],"curies":[{"name":"wp","href":"https:\/\/api.w.org\/{rel}","templated":true}]}}